{"id":14,"date":"2014-09-13T13:21:41","date_gmt":"2014-09-13T13:21:41","guid":{"rendered":"http:\/\/bushinengue.light-inc.org\/?page_id=14"},"modified":"2018-01-08T01:12:51","modified_gmt":"2018-01-08T01:12:51","slug":"project","status":"publish","type":"page","link":"https:\/\/bushinengue.williambarylo.com\/?page_id=14","title":{"rendered":"Project"},"content":{"rendered":"<p>French Guiana was a French colony that turned into a French district in the 70s. The settlement of the French administrative system and fast spreading a modern consumerist culture lead Light Inc to explore the Guianese context under the perspective of human dignity for the Bushinengue, a major ethnic group of French Guiana but whose needs and rights are not taken into account by the government. Work undertaken is threefold:<\/p>\n<p>&#8211; A <strong>photographic documentary<\/strong> to point at injustices and testify about the rich culture of Bushinengue people.<\/p>\n<p>&#8211; A <strong>socio-anthropological study<\/strong> to understand the complex context of French Guiana and explore the\u00a0decolonisation perspective.<\/p>\n<p>&#8211; <strong>Exhibitions<\/strong> <strong>and discussions<\/strong> in high schools and universities.<\/p>\n<p>&nbsp;<\/p>\n<p>The project was achieved after ten weeks in the cities of Saint Laurent, Apatou, Sinnamary and campous (villages) of the Maroni. The Light Inc team learned Nengue Tongo in order to perform interviews and lived closely to the main stakeholders, students, parents, community leaders and activists. A thorough reflection on the social and economic dynamics of the area was performed with the help of Mama Bobi, one of the main NGOs on location.<\/p>\n<p>&nbsp;<\/p>\n<p>ACTORS<\/p>\n<p><strong>Light In<\/strong><strong>c.<\/strong> initiated\u00a0the research, photographic documentary, the report and the activities in Europe. But none could have been done without Mama Bobi.<\/p>\n<p><img decoding=\"async\" loading=\"lazy\" class=\"aligncenter size-full wp-image-112\" src=\"http:\/\/bushinengue.light-inc.org\/wp-content\/uploads\/2014\/09\/MamaBobi.jpg\" alt=\"MamaBobi\" width=\"115\" height=\"104\" \/><\/p>\n<p>&nbsp;<\/p>\n<p><img decoding=\"async\" loading=\"lazy\" class=\"aligncenter size-full wp-image-153\" src=\"http:\/\/bushinengue.light-inc.org\/wp-content\/uploads\/2014\/09\/NM10_0241.jpg\" alt=\"NM10_024\" width=\"300\" height=\"450\" srcset=\"https:\/\/bushinengue.williambarylo.com\/wp-content\/uploads\/2014\/09\/NM10_0241.jpg 300w, https:\/\/bushinengue.williambarylo.com\/wp-content\/uploads\/2014\/09\/NM10_0241-200x300.jpg 200w\" sizes=\"(max-width: 300px) 100vw, 300px\" \/><\/p>\n<p style=\"text-align: justify;\"><strong>Mama Bobi<\/strong> is a NGO based in Saint Laurent. Its name means originally &#8220;the breasts of the nourishing Mother.&#8221; It was founded in 1990 by Community leaders and scholars of the Maroni river. The Mama Bobi Cultural Centre is licensed by the French government and aims at transmitting the various cultures of societies of Maroon roots, and bridging gaps between cultures in fields like arts and popular traditions, materia medica and traditional therapies, sustainable development and customs for a better pluralistic society. Mama Bobi works for the transmission of knowledges, citizen&#8217;s responsibility and social insertion withe the help of numerous stakeholders in local communities and French institutions.<\/p>\n<p style=\"text-align: justify;\">Picture: Antoine Lamoraille, a sholar and public figure, one of the main founders of Mama Bobi, holding &#8220;Black Skins, White Masks,&#8221; by\u00a0Franz Fanon.<\/p>\n<p>&nbsp;<\/p>\n<p>&nbsp;<\/p>\n<p>*** Fran\u00e7ais ***<\/p>\n<p>&nbsp;<\/p>\n<p>Le projet s&#8217;\u00e9tait donn\u00e9 trois objectifs :<\/p>\n<p>&#8211; Un <strong>reportage<\/strong> pour d\u00e9noncer les injustices et faire conna\u00eetre la richesse culturelle de cette population.<\/p>\n<p>&#8211; Une <strong>enqu\u00eate sociologique<\/strong> permettant une meilleure compr\u00e9hension de la situation.<\/p>\n<p>&#8211; Des <strong>interventions<\/strong> en milieu scolaire r\u00e9alis\u00e9s en Guyane par l&#8217;association Mama Bobi et en M\u00e9tropole par Light Inc.<\/p>\n<p>Le projet a compris 10 semaines en immersion dans la population fluviale pour comprendre les probl\u00e8mes au niveau des habitants afin de permettre un dialogue, un \u00e9change d&#8217;exp\u00e9riences dans la langue locale, le Nenge Tongo et selon le mode de vie local. Puis, une concertation avec les acteurs locaux, en particulier l&#8217;association Mama Bobi, en relation avec la population du fleuve aussi bien que des autorit\u00e9s afin de d\u00e9velopper une r\u00e9flexion sur le d\u00e9blocage d&#8217;une situation complexe.<\/p>\n<p><strong>Light Inc<\/strong> a initi\u00e9 le projet de recherche, le reportage photo, le rapport et les activit\u00e9s en M\u00e9tropole. Seulement, rien de cela n&#8217;aurait \u00e9t\u00e9 possible sans Mama Bobi:<\/p>\n<p>L&#8217;association <strong>MAMA BOBI<\/strong> Bas\u00e9e \u00e0 Saint Laurent, fond\u00e9e depuis pr\u00e8s de 20 ans sous l\u2019impulsion des autorit\u00e9s coutumi\u00e8res et des \u00e9rudits du bas Maroni. Le Centre Culturel Mama Bobi, agr\u00e9\u00e9 centre de formation en 1990, oeuvre \u00e0 la transmission des cultures des soci\u00e9t\u00e9s issues du Marronnage et \u00e9labore par l\u2019inter culturalit\u00e9 des passerelles dans des domaines tr\u00e8s vari\u00e9s : arts et traditions populaires, pharmacop\u00e9es et th\u00e9rapies traditionnelles, coutumes et d\u00e9veloppement durable, au service de l\u2019int\u00e9gration plurielle et citoyenne. MAMA BOBI d\u00e9veloppe constament des programmes dans le domaine sant\u00e9\/environnement. Interculturalit\u00e9, transmission du savoir et des valeurs, r\u00e9insertion sociale, responsabilisation citoyenne sont autant d&#8217;objectifs auxquels Mama Bobi travaille avec un succ\u00e8s non n\u00e9gligeable.<\/p>\n","protected":false},"excerpt":{"rendered":"<p>French Guiana was a French colony that turned into a French district in the 70s. The settlement of the French administrative system and fast spreading a modern consumerist culture lead Light Inc to explore the Guianese context under the perspective of human dignity for the Bushinengue, a major ethnic group of French Guiana but whose<a class=\"read-more \" href=\"https:\/\/bushinengue.williambarylo.com\/?page_id=14\" title=\"Read More\"> <span class=\"button default\">Read More<\/span><\/a><\/p>\n","protected":false},"author":88891,"featured_media":0,"parent":0,"menu_order":0,"comment_status":"open","ping_status":"open","template":"","meta":[],"yoast_head":"<!-- This site is optimized with the Yoast SEO plugin v20.11 - https:\/\/yoast.com\/wordpress\/plugins\/seo\/ -->\n<title>Project - Bushinengue of French Guiana - Guyane Fran\u00e7aise<\/title>\n<meta name=\"robots\" content=\"index, follow, max-snippet:-1, max-image-preview:large, max-video-preview:-1\" \/>\n<link rel=\"canonical\" href=\"https:\/\/bushinengue.williambarylo.com\/?page_id=14\" \/>\n<meta property=\"og:locale\" content=\"en_US\" \/>\n<meta property=\"og:type\" content=\"article\" \/>\n<meta property=\"og:title\" content=\"Project - Bushinengue of French Guiana - Guyane Fran\u00e7aise\" \/>\n<meta property=\"og:description\" content=\"French Guiana was a French colony that turned into a French district in the 70s. The settlement of the French administrative system and fast spreading a modern consumerist culture lead Light Inc to explore the Guianese context under the perspective of human dignity for the Bushinengue, a major ethnic group of French Guiana but whose Read More\" \/>\n<meta property=\"og:url\" content=\"https:\/\/bushinengue.williambarylo.com\/?page_id=14\" \/>\n<meta property=\"og:site_name\" content=\"Bushinengue of French Guiana - Guyane Fran\u00e7aise\" \/>\n<meta property=\"article:modified_time\" content=\"2018-01-08T01:12:51+00:00\" \/>\n<meta property=\"og:image\" content=\"http:\/\/bushinengue.light-inc.org\/wp-content\/uploads\/2014\/09\/MamaBobi.jpg\" \/>\n<meta name=\"twitter:card\" content=\"summary_large_image\" \/>\n<meta name=\"twitter:label1\" content=\"Est. reading time\" \/>\n\t<meta name=\"twitter:data1\" content=\"3 minutes\" \/>\n<script type=\"application\/ld+json\" class=\"yoast-schema-graph\">{\"@context\":\"https:\/\/schema.org\",\"@graph\":[{\"@type\":\"WebPage\",\"@id\":\"https:\/\/bushinengue.williambarylo.com\/?page_id=14\",\"url\":\"https:\/\/bushinengue.williambarylo.com\/?page_id=14\",\"name\":\"Project - Bushinengue of French Guiana - Guyane Fran\u00e7aise\",\"isPartOf\":{\"@id\":\"https:\/\/bushinengue.williambarylo.com\/#website\"},\"datePublished\":\"2014-09-13T13:21:41+00:00\",\"dateModified\":\"2018-01-08T01:12:51+00:00\",\"breadcrumb\":{\"@id\":\"https:\/\/bushinengue.williambarylo.com\/?page_id=14#breadcrumb\"},\"inLanguage\":\"en-US\",\"potentialAction\":[{\"@type\":\"ReadAction\",\"target\":[\"https:\/\/bushinengue.williambarylo.com\/?page_id=14\"]}]},{\"@type\":\"BreadcrumbList\",\"@id\":\"https:\/\/bushinengue.williambarylo.com\/?page_id=14#breadcrumb\",\"itemListElement\":[{\"@type\":\"ListItem\",\"position\":1,\"name\":\"Home\",\"item\":\"https:\/\/bushinengue.williambarylo.com\/\"},{\"@type\":\"ListItem\",\"position\":2,\"name\":\"Project\"}]},{\"@type\":\"WebSite\",\"@id\":\"https:\/\/bushinengue.williambarylo.com\/#website\",\"url\":\"https:\/\/bushinengue.williambarylo.com\/\",\"name\":\"Bushinengue of French Guiana - Guyane Fran\u00e7aise\",\"description\":\"Bushinengue of French Guiana - Guyane Fran\u00e7aise\",\"potentialAction\":[{\"@type\":\"SearchAction\",\"target\":{\"@type\":\"EntryPoint\",\"urlTemplate\":\"https:\/\/bushinengue.williambarylo.com\/?s={search_term_string}\"},\"query-input\":\"required name=search_term_string\"}],\"inLanguage\":\"en-US\"}]}<\/script>\n<!-- \/ Yoast SEO plugin. -->","yoast_head_json":{"title":"Project - Bushinengue of French Guiana - Guyane Fran\u00e7aise","robots":{"index":"index","follow":"follow","max-snippet":"max-snippet:-1","max-image-preview":"max-image-preview:large","max-video-preview":"max-video-preview:-1"},"canonical":"https:\/\/bushinengue.williambarylo.com\/?page_id=14","og_locale":"en_US","og_type":"article","og_title":"Project - Bushinengue of French Guiana - Guyane Fran\u00e7aise","og_description":"French Guiana was a French colony that turned into a French district in the 70s. The settlement of the French administrative system and fast spreading a modern consumerist culture lead Light Inc to explore the Guianese context under the perspective of human dignity for the Bushinengue, a major ethnic group of French Guiana but whose Read More","og_url":"https:\/\/bushinengue.williambarylo.com\/?page_id=14","og_site_name":"Bushinengue of French Guiana - Guyane Fran\u00e7aise","article_modified_time":"2018-01-08T01:12:51+00:00","og_image":[{"url":"http:\/\/bushinengue.light-inc.org\/wp-content\/uploads\/2014\/09\/MamaBobi.jpg"}],"twitter_card":"summary_large_image","twitter_misc":{"Est. reading time":"3 minutes"},"schema":{"@context":"https:\/\/schema.org","@graph":[{"@type":"WebPage","@id":"https:\/\/bushinengue.williambarylo.com\/?page_id=14","url":"https:\/\/bushinengue.williambarylo.com\/?page_id=14","name":"Project - Bushinengue of French Guiana - Guyane Fran\u00e7aise","isPartOf":{"@id":"https:\/\/bushinengue.williambarylo.com\/#website"},"datePublished":"2014-09-13T13:21:41+00:00","dateModified":"2018-01-08T01:12:51+00:00","breadcrumb":{"@id":"https:\/\/bushinengue.williambarylo.com\/?page_id=14#breadcrumb"},"inLanguage":"en-US","potentialAction":[{"@type":"ReadAction","target":["https:\/\/bushinengue.williambarylo.com\/?page_id=14"]}]},{"@type":"BreadcrumbList","@id":"https:\/\/bushinengue.williambarylo.com\/?page_id=14#breadcrumb","itemListElement":[{"@type":"ListItem","position":1,"name":"Home","item":"https:\/\/bushinengue.williambarylo.com\/"},{"@type":"ListItem","position":2,"name":"Project"}]},{"@type":"WebSite","@id":"https:\/\/bushinengue.williambarylo.com\/#website","url":"https:\/\/bushinengue.williambarylo.com\/","name":"Bushinengue of French Guiana - Guyane Fran\u00e7aise","description":"Bushinengue of French Guiana - Guyane Fran\u00e7aise","potentialAction":[{"@type":"SearchAction","target":{"@type":"EntryPoint","urlTemplate":"https:\/\/bushinengue.williambarylo.com\/?s={search_term_string}"},"query-input":"required name=search_term_string"}],"inLanguage":"en-US"}]}},"_links":{"self":[{"href":"https:\/\/bushinengue.williambarylo.com\/index.php?rest_route=\/wp\/v2\/pages\/14"}],"collection":[{"href":"https:\/\/bushinengue.williambarylo.com\/index.php?rest_route=\/wp\/v2\/pages"}],"about":[{"href":"https:\/\/bushinengue.williambarylo.com\/index.php?rest_route=\/wp\/v2\/types\/page"}],"author":[{"embeddable":true,"href":"https:\/\/bushinengue.williambarylo.com\/index.php?rest_route=\/wp\/v2\/users\/88891"}],"replies":[{"embeddable":true,"href":"https:\/\/bushinengue.williambarylo.com\/index.php?rest_route=%2Fwp%2Fv2%2Fcomments&post=14"}],"version-history":[{"count":23,"href":"https:\/\/bushinengue.williambarylo.com\/index.php?rest_route=\/wp\/v2\/pages\/14\/revisions"}],"predecessor-version":[{"id":254,"href":"https:\/\/bushinengue.williambarylo.com\/index.php?rest_route=\/wp\/v2\/pages\/14\/revisions\/254"}],"wp:attachment":[{"href":"https:\/\/bushinengue.williambarylo.com\/index.php?rest_route=%2Fwp%2Fv2%2Fmedia&parent=14"}],"curies":[{"name":"wp","href":"https:\/\/api.w.org\/{rel}","templated":true}]}}